{"id":1331,"date":"2019-08-21T10:58:14","date_gmt":"2019-08-21T07:58:14","guid":{"rendered":"http:\/\/www.alu.com.tr\/yurtici-lojistik\/"},"modified":"2019-12-03T12:43:38","modified_gmt":"2019-12-03T09:43:38","slug":"domestic-logistics","status":"publish","type":"page","link":"https:\/\/www.alu.com.tr\/en\/domestic-logistics\/","title":{"rendered":"Domestic Logistics"},"content":{"rendered":"<p><img loading=\"lazy\" decoding=\"async\" class=\"aligncenter size-full wp-image-601\" src=\"http:\/\/www.alu.com.tr\/wp-content\/uploads\/2019\/09\/yurtici-nakliye-icerik.jpg\" alt=\"\" width=\"1000\" height=\"563\" srcset=\"https:\/\/www.alu.com.tr\/wp-content\/uploads\/2019\/09\/yurtici-nakliye-icerik.jpg 1000w, https:\/\/www.alu.com.tr\/wp-content\/uploads\/2019\/09\/yurtici-nakliye-icerik-300x169.jpg 300w, https:\/\/www.alu.com.tr\/wp-content\/uploads\/2019\/09\/yurtici-nakliye-icerik-768x432.jpg 768w, https:\/\/www.alu.com.tr\/wp-content\/uploads\/2019\/09\/yurtici-nakliye-icerik-260x146.jpg 260w, https:\/\/www.alu.com.tr\/wp-content\/uploads\/2019\/09\/yurtici-nakliye-icerik-50x28.jpg 50w, https:\/\/www.alu.com.tr\/wp-content\/uploads\/2019\/09\/yurtici-nakliye-icerik-133x75.jpg 133w\" sizes=\"auto, (max-width:767px) 480px, (max-width:1000px) 100vw, 1000px\" \/><\/p>\n<p>Ankara Yurt \u0130\u00e7i Nakliye ve Lojistik A.\u015e. was established on March 26, 2008. It is operating in the premises of Ankara Logistics Base in a multi-partner structure with the aim of providing service from Ankara throughout the country.<\/p>\n<p>It is Turkey&#8217;s first domestic transfer and logistics center disciplined. It is a facility with a park area with a capacity of 2100 vehicles in a 130.000 m2 area, 300 transportation companies and social facilities (hotels, restaurants, barbers, baths, masjids, market, stationery, tires, service stations, etc.) and capable of entering and leaving 400,000 vehicles annually.<\/p>\n<p><a href=\"http:\/\/www.aynl.com.tr\/\" target=\"_blank\" rel=\"noopener noreferrer\">http:\/\/www.aynl.com.tr\/<\/a><\/p>\n","protected":false},"excerpt":{"rendered":"<p>Ankara Yurt \u0130\u00e7i Nakliye ve Lojistik A.\u015e. was established on March 26, 2008. It is operating in the premises of Ankara Logistics Base in a multi-partner<span class=\"excerpt-hellip\"> [\u2026]<\/span><\/p>\n","protected":false},"author":1,"featured_media":0,"parent":0,"menu_order":0,"comment_status":"closed","ping_status":"closed","template":"","meta":{"rs_blank_template":"","rs_page_bg_color":"","slide_template_v7":"","footnotes":""},"class_list":["post-1331","page","type-page","status-publish","hentry"],"_links":{"self":[{"href":"https:\/\/www.alu.com.tr\/en\/wp-json\/wp\/v2\/pages\/1331","targetHints":{"allow":["GET"]}}],"collection":[{"href":"https:\/\/www.alu.com.tr\/en\/wp-json\/wp\/v2\/pages"}],"about":[{"href":"https:\/\/www.alu.com.tr\/en\/wp-json\/wp\/v2\/types\/page"}],"author":[{"embeddable":true,"href":"https:\/\/www.alu.com.tr\/en\/wp-json\/wp\/v2\/users\/1"}],"replies":[{"embeddable":true,"href":"https:\/\/www.alu.com.tr\/en\/wp-json\/wp\/v2\/comments?post=1331"}],"version-history":[{"count":0,"href":"https:\/\/www.alu.com.tr\/en\/wp-json\/wp\/v2\/pages\/1331\/revisions"}],"wp:attachment":[{"href":"https:\/\/www.alu.com.tr\/en\/wp-json\/wp\/v2\/media?parent=1331"}],"curies":[{"name":"wp","href":"https:\/\/api.w.org\/{rel}","templated":true}]}}