{"id":1232,"date":"2019-08-21T10:52:13","date_gmt":"2019-08-21T07:52:13","guid":{"rendered":"http:\/\/www.alu.com.tr\/kiracilarimiz\/"},"modified":"2021-10-19T10:21:48","modified_gmt":"2021-10-19T07:21:48","slug":"our-lessees","status":"publish","type":"page","link":"https:\/\/www.alu.com.tr\/en\/our-lessees\/","title":{"rendered":"Our Lessees"},"content":{"rendered":"<table>\n<caption>THE LIST OF LESSESS OF ANKARA LOGISTICAL BASE<\/caption>\n<thead>\n<tr>\n<th scope=\"col\">PUBLIC INSTITUTIONS AND ORGANIZATIONS<\/th>\n<th scope=\"col\">TELEPHONE<\/th>\n<th scope=\"col\">FAX<\/th>\n<\/tr>\n<\/thead>\n<tbody>\n<tr>\n<td data-label=\"PUBLIC INSTITUTIONS AND ORGANIZATIONS\">ANKARA G\u00dcMR\u00dcK M\u00dcD\u00dcRL\u00dc\u011e\u00dc<\/td>\n<td data-label=\"TELEPHONE\">812 10 92-95<\/td>\n<td data-label=\"FAX\">812 10 96<\/td>\n<\/tr>\n<tr>\n<td data-label=\"PUBLIC INSTITUTIONS AND ORGANIZATIONS\">MERKEZ LABORATUVAR M\u00dcD\u00dcRL\u00dc\u011e\u00dc<\/td>\n<td data-label=\"TELEPHONE\">812 10 89<\/td>\n<td data-label=\"FAX\">812 18 88<\/td>\n<\/tr>\n<tr>\n<td data-label=\"PUBLIC INSTITUTIONS AND ORGANIZATIONS\">SAYMANLIK M\u00dcD\u00dcRL\u00dc\u011e\u00dc<\/td>\n<td data-label=\"TELEPHONE\">812 10 86-87<\/td>\n<td data-label=\"FAX\">812 11 79<\/td>\n<\/tr>\n<tr>\n<td data-label=\"PUBLIC INSTITUTIONS AND ORGANIZATIONS\">B\u0130L\u0130M SANAY\u0130 VE TEKNOLOJ\u0130 \u0130L M\u00dcD\u00dcRL\u00dc\u011e\u00dc TEM.<\/td>\n<td data-label=\"TELEPHONE\">812 12 63<\/td>\n<td data-label=\"FAX\">812 12 63<\/td>\n<\/tr>\n<tr>\n<td data-label=\"PUBLIC INSTITUTIONS AND ORGANIZATIONS\">\u0130HRAC.B\u0130RL.GN.SEKRETERL\u0130\u011e\u0130 TEM.<\/td>\n<td data-label=\"TELEPHONE\">812 10 25<\/td>\n<td data-label=\"FAX\">812 10 24<\/td>\n<\/tr>\n<tr>\n<td data-label=\"PUBLIC INSTITUTIONS AND ORGANIZATIONS\">DI\u015e T\u0130CARET STAND.GN.M\u00dcDL\u00dc\u011e\u00dc TEM.<\/td>\n<td data-label=\"TELEPHONE\">&#8211;<\/td>\n<td data-label=\"FAX\">&#8211;<\/td>\n<\/tr>\n<tr>\n<td data-label=\"PUBLIC INSTITUTIONS AND ORGANIZATIONS\">TSE(T\u00fcrk Standardlar\u0131 Enstit\u00fcs\u00fc \u015eb.M\u00fcd\u00fcrl\u00fc\u011f\u00fc)<\/td>\n<td data-label=\"TELEPHONE\">812 17 27-28-29<\/td>\n<td data-label=\"FAX\">812 17 30<\/td>\n<\/tr>\n<tr>\n<td data-label=\"PUBLIC INSTITUTIONS AND ORGANIZATIONS\">ASO(Ankara Sanayi Odas\u0131 Temsilcili\u011fi)<\/td>\n<td data-label=\"TELEPHONE\">812 12 88<\/td>\n<td data-label=\"FAX\">812 12 89<\/td>\n<\/tr>\n<tr>\n<td data-label=\"PUBLIC INSTITUTIONS AND ORGANIZATIONS\">ATO(Ankara Ticaret Odas\u0131 Temsilcili\u011fi)<\/td>\n<td data-label=\"TELEPHONE\">812 11 88-89<\/td>\n<td data-label=\"FAX\">812 11 88<\/td>\n<\/tr>\n<tr>\n<td data-label=\"PUBLIC INSTITUTIONS AND ORGANIZATIONS\">AC\u0130L SERV\u0130S<\/td>\n<td data-label=\"TELEPHONE\">112<\/td>\n<td data-label=\"FAX\">&#8211;<\/td>\n<\/tr>\n<tr>\n<td data-label=\"PUBLIC INSTITUTIONS AND ORGANIZATIONS\">G\u00dcMR\u00dcK M\u00dc\u015eAV\u0130RLER\u0130 DERNE\u011e\u0130<\/td>\n<td data-label=\"TELEPHONE\">812 13 00<\/td>\n<td data-label=\"FAX\">812 13 01- 02<\/td>\n<\/tr>\n<tr>\n<td data-label=\"PUBLIC INSTITUTIONS AND ORGANIZATIONS\">T\u00dcVT\u00dcRK G\u00dcNEY TA\u015eIT MUAYENE \u0130ST.YAP.\u0130\u015eL.A.\u015e.<\/td>\n<td data-label=\"TELEPHONE\">473 60 61<\/td>\n<td data-label=\"FAX\">&#8211;<\/td>\n<\/tr>\n<tr>\n<td colspan=\"3\" align=\"center\"><b>DEPO ve ANTREPOLAR<\/b><\/td>\n<\/tr>\n<tr>\n<td data-label=\"PUBLIC INSTITUTIONS AND ORGANIZATIONS\">CEVA LOJ\u0130ST\u0130K LTD.\u015eT\u0130.<\/td>\n<td data-label=\"TELEPHONE\">812 10 74<\/td>\n<td data-label=\"FAX\">812 10 79<\/td>\n<\/tr>\n<tr>\n<td data-label=\"PUBLIC INSTITUTIONS AND ORGANIZATIONS\">SERV\u0130S EXPRESS<\/td>\n<td data-label=\"TELEPHONE\">812 12 77<\/td>\n<td data-label=\"FAX\">812 12 78<\/td>\n<\/tr>\n<tr>\n<td data-label=\"PUBLIC INSTITUTIONS AND ORGANIZATIONS\">\u015eOK MARKETLER T\u0130C.A\u015e<\/td>\n<td data-label=\"TELEPHONE\">812 18 05<\/td>\n<td data-label=\"FAX\">&#8211;<\/td>\n<\/tr>\n<tr>\n<td data-label=\"PUBLIC INSTITUTIONS AND ORGANIZATIONS\">OMSAN LOJ\u0130ST\u0130K A.\u015e.<\/td>\n<td data-label=\"TELEPHONE\">812 20 22 -23-24<\/td>\n<td data-label=\"FAX\">812 20 23<\/td>\n<\/tr>\n<tr>\n<td data-label=\"PUBLIC INSTITUTIONS AND ORGANIZATIONS\">GEFCO TA\u015eIMACILIK VE LOJ\u0130ST\u0130K A.\u015e.<\/td>\n<td data-label=\"TELEPHONE\">812 12 45<\/td>\n<td data-label=\"FAX\">812 12 49<\/td>\n<\/tr>\n<tr>\n<td data-label=\"PUBLIC INSTITUTIONS AND ORGANIZATIONS\">HAVI LOJ\u0130ST\u0130K T\u0130CARET L\u0130M\u0130TED \u015e\u0130RKET\u0130<\/td>\n<td data-label=\"TELEPHONE\">0262 648 25 00\u00a0 0312 619 02 80<\/td>\n<td data-label=\"FAX\">0 262 648 25 78<\/td>\n<\/tr>\n<tr>\n<td data-label=\"PUBLIC INSTITUTIONS AND ORGANIZATIONS\">FASDAT GIDA DA\u011eITIM SAN.VE T\u0130C.A.\u015e.<\/td>\n<td data-label=\"TELEPHONE\">812 12 90<\/td>\n<td data-label=\"FAX\">812 12 94<\/td>\n<\/tr>\n<tr>\n<td data-label=\"PUBLIC INSTITUTIONS AND ORGANIZATIONS\">G2M DA\u011eITIM PAZ.VE T\u0130C.A.\u015e.<\/td>\n<td data-label=\"TELEPHONE\">812 20 10-11-12-13-14-15<\/td>\n<td data-label=\"FAX\">812 20 16<\/td>\n<\/tr>\n<tr>\n<td data-label=\"PUBLIC INSTITUTIONS AND ORGANIZATIONS\">TETNAK LOJ\u0130ST\u0130K DEPOLAMA TA\u015eIMACILIK VE T\u0130C.A.\u015e.<\/td>\n<td data-label=\"TELEPHONE\">812 10 26-27<\/td>\n<td data-label=\"FAX\">812 10 70<\/td>\n<\/tr>\n<tr>\n<td data-label=\"PUBLIC INSTITUTIONS AND ORGANIZATIONS\">\u0130R\u0130S TELEKOM\u0130N\u0130KASYON<\/td>\n<td data-label=\"TELEPHONE\">0 216 575 18 40<\/td>\n<td data-label=\"FAX\">0 216 575 18 59<\/td>\n<\/tr>\n<tr>\n<td data-label=\"PUBLIC INSTITUTIONS AND ORGANIZATIONS\">T.C.MERKEZ BANKASI A.\u015e.(\u0130DARE MERKEZ\u0130)<\/td>\n<td data-label=\"TELEPHONE\">507 67 00<\/td>\n<td data-label=\"FAX\">507 66 47<\/td>\n<\/tr>\n<tr>\n<td data-label=\"PUBLIC INSTITUTIONS AND ORGANIZATIONS\">YURT\u0130\u00c7\u0130 LOJ.TEDAR\u0130K Z\u0130NC\u0130R\u0130 Y\u00d6N.VE DA\u011e.A.\u015e.<\/td>\n<td data-label=\"TELEPHONE\">0 212 365 22 00<\/td>\n<td data-label=\"FAX\">0 212 365 24 83<\/td>\n<\/tr>\n<tr>\n<td data-label=\"PUBLIC INSTITUTIONS AND ORGANIZATIONS\">MUDO SATI\u015e MA\u011eAZALARI A.\u015e.<\/td>\n<td data-label=\"TELEPHONE\">0 212 456 07 07<\/td>\n<td data-label=\"FAX\">0 212 422 19 51<\/td>\n<\/tr>\n<tr>\n<td data-label=\"PUBLIC INSTITUTIONS AND ORGANIZATIONS\">ERSAN GRUP LOJ\u0130ST\u0130K NAK.SAN.T\u0130C.A.\u015e.<\/td>\n<td data-label=\"TELEPHONE\">278 40 80<\/td>\n<td data-label=\"FAX\">0312 278 48 99<\/td>\n<\/tr>\n<tr>\n<td data-label=\"PUBLIC INSTITUTIONS AND ORGANIZATIONS\">ANKARA ANTREPO \u0130\u015eLETMELER\u0130 TA\u015eIMACILIK VE T\u0130C.LTD.\u015eT\u0130.<\/td>\n<td data-label=\"TELEPHONE\">812 12 15<\/td>\n<td data-label=\"FAX\">278 51 91<\/td>\n<\/tr>\n<tr>\n<td data-label=\"PUBLIC INSTITUTIONS AND ORGANIZATIONS\">FLY MAP HAR\u0130TA LTD.\u015eT\u0130.<\/td>\n<td data-label=\"TELEPHONE\">0505 420 22 22<\/td>\n<td data-label=\"FAX\">&#8211;<\/td>\n<\/tr>\n<tr>\n<td data-label=\"PUBLIC INSTITUTIONS AND ORGANIZATIONS\">T.C.Z\u0130RAAT BANKASI A.\u015e.<\/td>\n<td data-label=\"TELEPHONE\">584 55 15<\/td>\n<td data-label=\"FAX\">&#8211;<\/td>\n<\/tr>\n<tr>\n<td data-label=\"PUBLIC INSTITUTIONS AND ORGANIZATIONS\">H\u0130LAL PETROL VE YAL\u00c7INKAYA NAK.PAZ.T\u0130C.LTD.\u015eT\u0130.<\/td>\n<td data-label=\"TELEPHONE\">812 12 77<\/td>\n<td data-label=\"FAX\">812 12 78<\/td>\n<\/tr>\n<tr>\n<td data-label=\"PUBLIC INSTITUTIONS AND ORGANIZATIONS\">ANKARA LOJ\u0130ST\u0130K KARGO T\u0130C.LTD.\u015eT\u0130.<\/td>\n<td data-label=\"TELEPHONE\">278 35 82<\/td>\n<td data-label=\"FAX\">&#8211;<\/td>\n<\/tr>\n<tr>\n<td data-label=\"PUBLIC INSTITUTIONS AND ORGANIZATIONS\">06 DADA\u015eLAR NAKL\u0130YAT LTD.\u015eT\u0130.<\/td>\n<td data-label=\"TELEPHONE\">278 25 04<\/td>\n<td data-label=\"FAX\">&#8211;<\/td>\n<\/tr>\n<tr>\n<td colspan=\"3\" align=\"center\"><b>OF\u0130SLER<\/b><\/td>\n<\/tr>\n<tr>\n<td data-label=\"PUBLIC INSTITUTIONS AND ORGANIZATIONS\">H\u00dcNER TA\u015eIMACILIK<\/td>\n<td data-label=\"TELEPHONE\">354 18 30<\/td>\n<td data-label=\"FAX\">&#8211;<\/td>\n<\/tr>\n<tr>\n<td data-label=\"PUBLIC INSTITUTIONS AND ORGANIZATIONS\">KUZEYTAN ENERJ\u0130<\/td>\n<td data-label=\"TELEPHONE\">812 17 01<\/td>\n<td data-label=\"FAX\">812 17 02<\/td>\n<\/tr>\n<tr>\n<td data-label=\"PUBLIC INSTITUTIONS AND ORGANIZATIONS\">TETNAK TA\u015eIMACILIK TUR\u0130ZM VE T\u0130C.A.\u015e.<\/td>\n<td data-label=\"TELEPHONE\">812 10 60<\/td>\n<td data-label=\"FAX\">812 10 70<\/td>\n<\/tr>\n<tr>\n<td data-label=\"PUBLIC INSTITUTIONS AND ORGANIZATIONS\">MER-BU ULUSLARARASI NAKL\u0130YAT A.\u015e.<\/td>\n<td data-label=\"TELEPHONE\">812 10 50<\/td>\n<td data-label=\"FAX\">812 10 80<\/td>\n<\/tr>\n<tr>\n<td data-label=\"PUBLIC INSTITUTIONS AND ORGANIZATIONS\">MUR-HAK ULUSLARARASI NAKL\u0130YAT T\u0130C.LTD.\u015eT\u0130.<\/td>\n<td data-label=\"TELEPHONE\">812 10 30<\/td>\n<td data-label=\"FAX\">812 10 40<\/td>\n<\/tr>\n<tr>\n<td data-label=\"PUBLIC INSTITUTIONS AND ORGANIZATIONS\">ERBAY ULUSLARARASI NAKL\u0130YAT T\u0130C.SAN.A.\u015e.<\/td>\n<td data-label=\"TELEPHONE\">812 10 45<\/td>\n<td data-label=\"FAX\">812 10 47<\/td>\n<\/tr>\n<tr>\n<td data-label=\"PUBLIC INSTITUTIONS AND ORGANIZATIONS\">BA\u015eB\u0130LEN ULUSLARARASI TA\u015eIM.VE PETROL \u00dcR.T\u0130C.LTD.\u015eT\u0130.<\/td>\n<td data-label=\"TELEPHONE\">812 11 20<\/td>\n<td data-label=\"FAX\">812 11 30<\/td>\n<\/tr>\n<tr>\n<td data-label=\"PUBLIC INSTITUTIONS AND ORGANIZATIONS\">BA\u015eKENT F\u0130AT ULUSLARARASI NAK.TUR.SAN.VE T\u0130C.A.\u015e.<\/td>\n<td data-label=\"TELEPHONE\">812 12 20<\/td>\n<td data-label=\"FAX\">812 12 27<\/td>\n<\/tr>\n<tr>\n<td data-label=\"PUBLIC INSTITUTIONS AND ORGANIZATIONS\">U\u011eUR ULUSLARARASI NAKL\u0130YAT DI\u015e T\u0130C.SAN.LTD.\u015eT\u0130.<\/td>\n<td data-label=\"TELEPHONE\">812 11 50-51-52-53<\/td>\n<td data-label=\"FAX\">812 11 54<\/td>\n<\/tr>\n<tr>\n<td data-label=\"PUBLIC INSTITUTIONS AND ORGANIZATIONS\">SUPET ULUSLARARASI TA\u015e.PET.\u00dcR\u00dcN.TUR.T\u0130C.LTD.\u015eT\u0130.<\/td>\n<td data-label=\"TELEPHONE\">812 11 00<\/td>\n<td data-label=\"FAX\">812 11 10<\/td>\n<\/tr>\n<tr>\n<td data-label=\"PUBLIC INSTITUTIONS AND ORGANIZATIONS\">PLAN ULUSLARARASI NAKL\u0130YAT T\u0130C.VE SAN.LTD.\u015eT\u0130.<\/td>\n<td data-label=\"TELEPHONE\">812 10 41-42-43<\/td>\n<td data-label=\"FAX\">812 10 44<\/td>\n<\/tr>\n<tr>\n<td data-label=\"PUBLIC INSTITUTIONS AND ORGANIZATIONS\">UMUT ULUSLARARASI NAKL\u0130YAT VE T\u0130C.LTD.\u015eT\u0130.<\/td>\n<td data-label=\"TELEPHONE\">812 12 50<\/td>\n<td data-label=\"FAX\">812 12 54<\/td>\n<\/tr>\n<tr>\n<td data-label=\"PUBLIC INSTITUTIONS AND ORGANIZATIONS\">TRANST\u0130M NAK.VE T\u0130C.LTD.\u015eT\u0130.<\/td>\n<td data-label=\"TELEPHONE\">812 10 81-82-83<\/td>\n<td data-label=\"FAX\">812 10 85<\/td>\n<\/tr>\n<tr>\n<td data-label=\"PUBLIC INSTITUTIONS AND ORGANIZATIONS\">G\u00d6KBORA ULUSLARARASI NAK.VE T\u0130C.A.\u015e.<\/td>\n<td data-label=\"TELEPHONE\">812 12 56<\/td>\n<td data-label=\"FAX\">812 12 59<\/td>\n<\/tr>\n<tr>\n<td data-label=\"PUBLIC INSTITUTIONS AND ORGANIZATIONS\">ERTAN PEKTA\u015e ULUSLARARASI NAK.G\u00dcM.TUR. DI\u015e T\u0130C.LTD.\u015eT\u0130.<\/td>\n<td data-label=\"TELEPHONE\">812 12 28<\/td>\n<td data-label=\"FAX\">812 12 29<\/td>\n<\/tr>\n<tr>\n<td data-label=\"PUBLIC INSTITUTIONS AND ORGANIZATIONS\">E-5 ANKARA TIR G\u00dcMR\u00dc\u011e\u00dc SS TA\u015eIYICILAR KOOP.<\/td>\n<td data-label=\"TELEPHONE\">812 11 33<\/td>\n<td data-label=\"FAX\">812 11 32<\/td>\n<\/tr>\n<tr>\n<td data-label=\"PUBLIC INSTITUTIONS AND ORGANIZATIONS\">TOKKAR G\u00dcMR\u00dcK M\u00dc\u015eAV\u0130RL\u0130\u011e\u0130 LTD.\u015eT\u0130.<\/td>\n<td data-label=\"TELEPHONE\">812 13 14<\/td>\n<td data-label=\"FAX\">812 13 16<\/td>\n<\/tr>\n<tr>\n<td data-label=\"PUBLIC INSTITUTIONS AND ORGANIZATIONS\">AG\u0130 G\u00dcMR\u00dcKLEME NAK.T\u0130C.LTD.\u015eT\u0130.<\/td>\n<td data-label=\"TELEPHONE\">812 12 36<\/td>\n<td data-label=\"FAX\">812 12 39<\/td>\n<\/tr>\n<tr>\n<td data-label=\"PUBLIC INSTITUTIONS AND ORGANIZATIONS\">\u00c7ARE M\u00dc\u015eAV\u0130RL\u0130K DAN.TUR.NAK.\u0130\u00c7 VE DI\u015e T\u0130C.LTD.\u015eT\u0130.<\/td>\n<td data-label=\"TELEPHONE\">812 13 10<\/td>\n<td data-label=\"FAX\">812 13 12<\/td>\n<\/tr>\n<tr>\n<td data-label=\"PUBLIC INSTITUTIONS AND ORGANIZATIONS\">DCS D\u0130J\u0130TAL G\u00dcMR\u00dcK H\u0130ZMETLER\u0130 A.\u015e.<\/td>\n<td data-label=\"TELEPHONE\">812 10 18<\/td>\n<td data-label=\"FAX\">812 10 19<\/td>\n<\/tr>\n<tr>\n<td data-label=\"PUBLIC INSTITUTIONS AND ORGANIZATIONS\">\u00c7ELENK G\u00dcMR\u00dcK M\u00dc\u015eAV\u0130RL\u0130\u011e\u0130 LTD.\u015eT\u0130.<\/td>\n<td data-label=\"TELEPHONE\">812 11 46<\/td>\n<td data-label=\"FAX\">812 11 48<\/td>\n<\/tr>\n<tr>\n<td data-label=\"PUBLIC INSTITUTIONS AND ORGANIZATIONS\">NET CLEAN ALT YAPI \u0130\u015e MAK\u0130NALARI A.\u015e.<\/td>\n<td data-label=\"TELEPHONE\">812 00 02<\/td>\n<td data-label=\"FAX\">812 00 03<\/td>\n<\/tr>\n<tr>\n<td data-label=\"PUBLIC INSTITUTIONS AND ORGANIZATIONS\">A ADIM G\u00dcMR\u00dcK M\u00dc\u015e.LTD.\u015eT\u0130.<\/td>\n<td data-label=\"TELEPHONE\">474 05 80<\/td>\n<td data-label=\"FAX\">474 05 82<\/td>\n<\/tr>\n<tr>\n<td data-label=\"PUBLIC INSTITUTIONS AND ORGANIZATIONS\">HK ERK G\u00dcMR\u00dcK M\u00dc\u015e.LOJ.LTD.\u015eT\u0130.<\/td>\n<td data-label=\"TELEPHONE\">473 20 56<\/td>\n<td data-label=\"FAX\">473 20 57<\/td>\n<\/tr>\n<tr>\n<td data-label=\"PUBLIC INSTITUTIONS AND ORGANIZATIONS\">HK MAYA YET.G\u00dcMR\u00dcK M\u00dc\u015e.LTD.\u015eT\u0130.<\/td>\n<td data-label=\"TELEPHONE\">473 20 56<\/td>\n<td data-label=\"FAX\">473 20 57<\/td>\n<\/tr>\n<tr>\n<td data-label=\"PUBLIC INSTITUTIONS AND ORGANIZATIONS\">ASES HAV.SERV\u0130S VE DESTEK H\u0130Z.A.\u015e.<\/td>\n<td data-label=\"TELEPHONE\">0216 574 70 00<\/td>\n<td data-label=\"FAX\">0216 574 54 10<\/td>\n<\/tr>\n<tr>\n<td data-label=\"PUBLIC INSTITUTIONS AND ORGANIZATIONS\">DO\u011eRUER G\u00dcMR\u00dcK M\u00dc\u015e.LTD.\u015eT\u0130.<\/td>\n<td data-label=\"TELEPHONE\">0212 264 76 44<\/td>\n<td data-label=\"FAX\">0212 264 69 44-45<\/td>\n<\/tr>\n<tr>\n<td data-label=\"PUBLIC INSTITUTIONS AND ORGANIZATIONS\">ATLAS G\u00dcMR\u00dcKLEME DAN.LOJ.H\u0130Z.(ATIF ERAN\u0130L)<\/td>\n<td data-label=\"TELEPHONE\">0506 450 40 82<\/td>\n<td data-label=\"FAX\">&#8211;<\/td>\n<\/tr>\n<tr>\n<td data-label=\"PUBLIC INSTITUTIONS AND ORGANIZATIONS\">AYGEN GLOBAL LOJ.VE G\u00dcMR\u00dcK M\u00dc\u015e.LTD.\u015eT\u0130.<\/td>\n<td data-label=\"TELEPHONE\">0216 517 65 75<\/td>\n<td data-label=\"FAX\">0216 517 65 73<\/td>\n<\/tr>\n<tr>\n<td data-label=\"PUBLIC INSTITUTIONS AND ORGANIZATIONS\">AD\u0130L G\u00dcMR\u00dcK M\u00dc\u015e.LTD.\u015eT\u0130.<\/td>\n<td data-label=\"TELEPHONE\">472 28 80<\/td>\n<td data-label=\"FAX\">472 28 92<\/td>\n<\/tr>\n<tr>\n<td data-label=\"PUBLIC INSTITUTIONS AND ORGANIZATIONS\">\u00c7OBANTUR TUR.T\u0130C.VE NAK.LTD.\u015eT\u0130.<\/td>\n<td data-label=\"TELEPHONE\">812 13 30<\/td>\n<td data-label=\"FAX\">812 13 40<\/td>\n<\/tr>\n<tr>\n<td data-label=\"PUBLIC INSTITUTIONS AND ORGANIZATIONS\">YKG G\u00dcMR\u00dcK M\u00dc\u015eAV\u0130RL\u0130\u011e\u0130 LTD.\u015eT\u0130.<\/td>\n<td data-label=\"TELEPHONE\">432 03 00<\/td>\n<td data-label=\"FAX\">432 03 57<\/td>\n<\/tr>\n<tr>\n<td data-label=\"PUBLIC INSTITUTIONS AND ORGANIZATIONS\">VU ULUSLARARASI LOJ.AKARYAKIT A.\u015e.<\/td>\n<td data-label=\"TELEPHONE\">0532 169 25 69<\/td>\n<td data-label=\"FAX\">&#8211;<\/td>\n<\/tr>\n<tr>\n<td data-label=\"PUBLIC INSTITUTIONS AND ORGANIZATIONS\">UNSPED G\u00dcMR\u00dcK M\u00dc\u015eAV\u0130RL\u0130\u011e\u0130 VE LOJ.H\u0130Z.A.\u015e.<\/td>\n<td data-label=\"TELEPHONE\">444 99 81<\/td>\n<td data-label=\"FAX\">0212 410 23 77<\/td>\n<\/tr>\n<tr>\n<td data-label=\"PUBLIC INSTITUTIONS AND ORGANIZATIONS\">HAMARAT TRANSPORT<\/td>\n<td data-label=\"TELEPHONE\">0544 337 79 77<\/td>\n<td data-label=\"FAX\">&#8211;<\/td>\n<\/tr>\n<tr>\n<td data-label=\"PUBLIC INSTITUTIONS AND ORGANIZATIONS\">KARACA G\u00dcMR\u00dcK M\u00dc\u015e.H\u0130Z.LTD.\u015eT\u0130.<\/td>\n<td data-label=\"TELEPHONE\">812 19 49<\/td>\n<td data-label=\"FAX\">812 19 50<\/td>\n<\/tr>\n<tr>\n<td data-label=\"PUBLIC INSTITUTIONS AND ORGANIZATIONS\">US G\u00dcMR\u00dcK M\u00dc\u015eAV\u0130RL\u0130\u011e\u0130 A.\u015e.<\/td>\n<td>0850 260 00 50<\/td>\n<td data-label=\"FAX\">&#8211;<\/td>\n<\/tr>\n<tr>\n<td data-label=\"PUBLIC INSTITUTIONS AND ORGANIZATIONS\">H\u0130T\u0130T GLOBAL G\u00dcMR\u00dcK M\u00dc\u015eAV\u0130RL\u0130\u011e\u0130 A.\u015e.<\/td>\n<td data-label=\"TELEPHONE\">472 11 42<\/td>\n<td data-label=\"FAX\">472 11 41<\/td>\n<\/tr>\n<tr>\n<td data-label=\"PUBLIC INSTITUTIONS AND ORGANIZATIONS\">G\u0130R\u0130\u015e\u0130M GRUP LOJ\u0130ST\u0130K PROJE TA\u015e.LTD.\u015eT\u0130.<\/td>\n<td data-label=\"TELEPHONE\">&#8211;<\/td>\n<td data-label=\"FAX\">&#8211;<\/td>\n<\/tr>\n<tr>\n<td data-label=\"PUBLIC INSTITUTIONS AND ORGANIZATIONS\">SSOM SA\u011eLIK H\u0130ZMETLER\u0130 LTD.\u015eT\u0130.<\/td>\n<td data-label=\"TELEPHONE\">&#8211;<\/td>\n<td data-label=\"FAX\">&#8211;<\/td>\n<\/tr>\n<tr>\n<td data-label=\"PUBLIC INSTITUTIONS AND ORGANIZATIONS\">BARLAS TRANS SERV.H\u0130Z.TMR.BKM. U.ARASI NAK.LTD.\u015eT\u0130.<\/td>\n<td data-label=\"TELEPHONE\">0536 231 72 92<\/td>\n<td data-label=\"FAX\">&#8211;<\/td>\n<\/tr>\n<tr>\n<td colspan=\"3\" align=\"center\"><b>T\u0130CAR\u0130 ALANLAR VE KONTEYNER SAHASI<\/b><\/td>\n<\/tr>\n<tr>\n<td data-label=\"PUBLIC INSTITUTIONS AND ORGANIZATIONS\">MEF PETROL(OPET)LOJ\u0130ST\u0130K \u0130N\u015e.SAN.T\u0130C.LTD.\u015eT\u0130.<\/td>\n<td data-label=\"TELEPHONE\">812 12 14<\/td>\n<td data-label=\"FAX\">812 12 16<\/td>\n<\/tr>\n<tr>\n<td data-label=\"PUBLIC INSTITUTIONS AND ORGANIZATIONS\">EGE NAKL\u0130YAT(KONTEYNER SAHASI)<\/td>\n<td data-label=\"TELEPHONE\">278 40 50<\/td>\n<td data-label=\"FAX\">278 30 69<\/td>\n<\/tr>\n<tr>\n<td data-label=\"PUBLIC INSTITUTIONS AND ORGANIZATIONS\">EROL YILDIRIM(YEMEKHANE \u0130\u015eLETMES\u0130)<\/td>\n<td data-label=\"TELEPHONE\">812 11 12<\/td>\n<td data-label=\"FAX\">&#8211;<\/td>\n<\/tr>\n<tr>\n<td data-label=\"PUBLIC INSTITUTIONS AND ORGANIZATIONS\">HALK BANKASI<\/td>\n<td data-label=\"TELEPHONE\">812 14 17-14<\/td>\n<td data-label=\"FAX\">812 14 19<\/td>\n<\/tr>\n<tr>\n<td data-label=\"PUBLIC INSTITUTIONS AND ORGANIZATIONS\">BA\u015eKENT S\u0130GORTA ARACILI\u011eI H\u0130ZMETLER\u0130 A.\u015e<\/td>\n<td data-label=\"TELEPHONE\">812 12 32<\/td>\n<td data-label=\"FAX\">490 05 25<\/td>\n<\/tr>\n<tr>\n<td data-label=\"PUBLIC INSTITUTIONS AND ORGANIZATIONS\">UMUT GRUP LOJ\u0130ST\u0130K HAYV.GIDA MARKET \u0130\u015eLT.KUYUM.SAN.VE T\u0130C.LTD.\u015eT\u0130.<\/td>\n<td data-label=\"TELEPHONE\">812 13 50<\/td>\n<td data-label=\"FAX\">341 57 12<\/td>\n<\/tr>\n<tr>\n<td colspan=\"3\" align=\"center\"><b>TAM\u0130R BAKIM YETK\u0130L\u0130 SERV\u0130SLER\u0130<\/b><\/td>\n<\/tr>\n<tr>\n<td data-label=\"PUBLIC INSTITUTIONS AND ORGANIZATIONS\">MENGERLER T\u0130CARET T\u00dcRK A.\u015e.<\/td>\n<td data-label=\"TELEPHONE\">812 11 80<\/td>\n<td data-label=\"FAX\">812 11 81<\/td>\n<\/tr>\n<tr>\n<td data-label=\"PUBLIC INSTITUTIONS AND ORGANIZATIONS\">MAN OTOMAT\u0130V T\u0130C.LTD.\u015eT\u0130.<\/td>\n<td data-label=\"TELEPHONE\">812 11 35-36-37<\/td>\n<td data-label=\"FAX\">812 11 38<\/td>\n<\/tr>\n<tr>\n<td data-label=\"PUBLIC INSTITUTIONS AND ORGANIZATIONS\">HAS KARDE\u015eLER OTOMOT\u0130V TA\u015e.SAN.T\u0130C.LTD.\u015eT\u0130.<\/td>\n<td data-label=\"TELEPHONE\">354 60 87<\/td>\n<td data-label=\"FAX\">354 53 45<\/td>\n<\/tr>\n<tr>\n<td data-label=\"PUBLIC INSTITUTIONS AND ORGANIZATIONS\">ANKARA AKDEN\u0130Z NAK.KARGO LTD \u015eT\u0130.<\/td>\n<td data-label=\"TELEPHONE\">278 37 50<\/td>\n<td data-label=\"FAX\">278 37 52<\/td>\n<\/tr>\n<tr>\n<td data-label=\"PUBLIC INSTITUTIONS AND ORGANIZATIONS\">ABDULKAD\u0130R \u00d6ZCAN OTOMOT\u0130V.LAST\u0130K SAN.VE T\u0130C.A.\u015e.<\/td>\n<td data-label=\"TELEPHONE\">812 12 70<\/td>\n<td data-label=\"FAX\">309 37 58<\/td>\n<\/tr>\n<tr>\n<td data-label=\"PUBLIC INSTITUTIONS AND ORGANIZATIONS\">DMS-AKTA\u015e OTOMAT\u0130V NAK.MAK\u0130NA.\u0130N\u015e.SAN.VE T\u0130C.LTD.\u015eT\u0130.<\/td>\n<td data-label=\"TELEPHONE\">0530 642 22 94<\/td>\n<td data-label=\"FAX\">&#8211;<\/td>\n<\/tr>\n<tr>\n<td data-label=\"PUBLIC INSTITUTIONS AND ORGANIZATIONS\">DORSEY DORSE BRANDA SERV\u0130S H\u0130Z.SAN.T\u0130C.LTD.\u015eT\u0130.<\/td>\n<td data-label=\"TELEPHONE\">812 18 19 -17<\/td>\n<td data-label=\"FAX\">&#8211;<\/td>\n<\/tr>\n<tr>\n<td data-label=\"PUBLIC INSTITUTIONS AND ORGANIZATIONS\">KADESAN KARADEN\u0130Z BRANDA \u00c7ADIR SAN.T\u0130C.LTD.\u015eT\u0130.<\/td>\n<td data-label=\"TELEPHONE\">0212 549 55 51 \/ 52<\/td>\n<td data-label=\"FAX\">0212 549 46 82<\/td>\n<\/tr>\n<tr>\n<td data-label=\"PUBLIC INSTITUTIONS AND ORGANIZATIONS\">\u00c7AKMAKLAR OTO YEDEK PAR\u00c7A SAN.VE T\u0130C.LTD.\u015eT\u0130.<\/td>\n<td data-label=\"TELEPHONE\">812 15 15<\/td>\n<td data-label=\"FAX\">812 15 16<\/td>\n<\/tr>\n<tr>\n<td data-label=\"PUBLIC INSTITUTIONS AND ORGANIZATIONS\">LOJ\u0130ST\u0130K YEDEK PAR\u00c7A SERV.OTO.TA\u015e.SAN.VE.T\u0130C.LTD.\u015eT\u0130.<\/td>\n<td data-label=\"TELEPHONE\">812 12 76<\/td>\n<td data-label=\"FAX\">812 13 76<\/td>\n<\/tr>\n<tr>\n<td data-label=\"PUBLIC INSTITUTIONS AND ORGANIZATIONS\">CAN GRUP \u0130N\u015e.PAZ.GIDA ELK.TAAH.SAN.T\u0130C.LTD.\u015eT\u0130.<\/td>\n<td data-label=\"TELEPHONE\">812 11 35<\/td>\n<td data-label=\"FAX\">812 11 38<\/td>\n<\/tr>\n<tr>\n<td data-label=\"PUBLIC INSTITUTIONS AND ORGANIZATIONS\">ANKARA BRANDA VE TREYLER SAN.T\u0130C.LTD.\u015eT\u0130.<\/td>\n<td data-label=\"TELEPHONE\">0530 954 26 27<\/td>\n<td data-label=\"FAX\">&#8211;<\/td>\n<\/tr>\n<\/tbody>\n<\/table>\n","protected":false},"excerpt":{"rendered":"<p>THE LIST OF LESSESS OF ANKARA LOGISTICAL BASE PUBLIC INSTITUTIONS AND ORGANIZATIONS TELEPHONE FAX ANKARA G\u00dcMR\u00dcK M\u00dcD\u00dcRL\u00dc\u011e\u00dc 812 10 92-95 812 10 96 MERKEZ LABORATUVAR M\u00dcD\u00dcRL\u00dc\u011e\u00dc<span class=\"excerpt-hellip\"> [\u2026]<\/span><\/p>\n","protected":false},"author":1,"featured_media":0,"parent":0,"menu_order":0,"comment_status":"closed","ping_status":"closed","template":"","meta":{"rs_blank_template":"","rs_page_bg_color":"","slide_template_v7":"","footnotes":""},"class_list":["post-1232","page","type-page","status-publish","hentry"],"_links":{"self":[{"href":"https:\/\/www.alu.com.tr\/en\/wp-json\/wp\/v2\/pages\/1232","targetHints":{"allow":["GET"]}}],"collection":[{"href":"https:\/\/www.alu.com.tr\/en\/wp-json\/wp\/v2\/pages"}],"about":[{"href":"https:\/\/www.alu.com.tr\/en\/wp-json\/wp\/v2\/types\/page"}],"author":[{"embeddable":true,"href":"https:\/\/www.alu.com.tr\/en\/wp-json\/wp\/v2\/users\/1"}],"replies":[{"embeddable":true,"href":"https:\/\/www.alu.com.tr\/en\/wp-json\/wp\/v2\/comments?post=1232"}],"version-history":[{"count":0,"href":"https:\/\/www.alu.com.tr\/en\/wp-json\/wp\/v2\/pages\/1232\/revisions"}],"wp:attachment":[{"href":"https:\/\/www.alu.com.tr\/en\/wp-json\/wp\/v2\/media?parent=1232"}],"curies":[{"name":"wp","href":"https:\/\/api.w.org\/{rel}","templated":true}]}}